{"id":8768,"date":"2024-09-04T22:49:10","date_gmt":"2024-09-04T20:49:10","guid":{"rendered":"http:\/\/greenway.be\/?page_id=8768"},"modified":"2024-11-25T23:57:52","modified_gmt":"2024-11-25T21:57:52","slug":"politique-de-confidentialite","status":"publish","type":"page","link":"https:\/\/greenway.be\/fr\/politique-de-confidentialite\/","title":{"rendered":"Politique de confidentialit\u00e9"},"content":{"rendered":"<div data-elementor-type=\"wp-page\" data-elementor-id=\"8768\" class=\"elementor elementor-8768\" data-elementor-post-type=\"page\">\n\t\t\t\t<div class=\"elementor-element elementor-element-d9a711f e-flex e-con-boxed e-con e-parent\" data-id=\"d9a711f\" data-element_type=\"container\">\n\t\t\t\t\t<div class=\"e-con-inner\">\n\t\t\t\t<div class=\"elementor-element elementor-element-50121c3 elementor-widget elementor-widget-heading\" data-id=\"50121c3\" data-element_type=\"widget\" data-widget_type=\"heading.default\">\n\t\t\t\t<div class=\"elementor-widget-container\">\n\t\t\t\t\t<h3 class=\"elementor-heading-title elementor-size-default\">Politique de confidentialit\u00e9<\/h3>\t\t\t\t<\/div>\n\t\t\t\t<\/div>\n\t\t\t\t\t<\/div>\n\t\t\t\t<\/div>\n\t\t<div class=\"elementor-element elementor-element-eccaaee e-flex e-con-boxed e-con e-parent\" data-id=\"eccaaee\" data-element_type=\"container\">\n\t\t\t\t\t<div class=\"e-con-inner\">\n\t\t\t\t<div class=\"elementor-element elementor-element-9670475 elementor-widget elementor-widget-text-editor\" data-id=\"9670475\" data-element_type=\"widget\" data-widget_type=\"text-editor.default\">\n\t\t\t\t<div class=\"elementor-widget-container\">\n\t\t\t\t\t\t\t\t\t<p>Chez Delifresh\/Greenway, votre vie priv\u00e9e est primordiale. Nous nous engageons \u00e0 prot\u00e9ger vos donn\u00e9es personnelles et \u00e0 les traiter conform\u00e9ment au R\u00e8glement g\u00e9n\u00e9ral sur la protection des donn\u00e9es (RGPD) et aux autres l\u00e9gislations applicables.<\/p><h2>1. Quelles sont les donn\u00e9es collect\u00e9es ?<\/h2><p>Nous ne recueillons que les donn\u00e9es n\u00e9cessaires \u00e0 la fourniture de nos services, notamment :<\/p><p>Les informations de contact (nom, adresse \u00e9lectronique, num\u00e9ro de t\u00e9l\u00e9phone).<br \/>Les donn\u00e9es de facturation et de paiement.<br \/>D'autres informations que vous nous fournissez volontairement.<\/p><h2>2. Pourquoi collecter des donn\u00e9es ?<\/h2><p>Vos donn\u00e9es sont trait\u00e9es aux fins suivantes :<\/p><p>Fournir et am\u00e9liorer nos services.<br \/>Gestion des commandes, des devis et de la facturation.<br \/>Communication sur nos produits et services.<\/p><h2>3. Comment vos donn\u00e9es sont-elles conserv\u00e9es ?<\/h2><p>Nous conservons vos donn\u00e9es en toute s\u00e9curit\u00e9 et ne les partageons pas avec des tiers, sauf :<\/p><p>* lorsque la loi l'exige ;<br \/>* si ce partage est n\u00e9cessaire \u00e0 l'ex\u00e9cution de nos services (par exemple, avec une soci\u00e9t\u00e9 de transport).<\/p><h2>4. Vos droits<\/h2><p>Vous avez le droit :<\/p><p>* d'acc\u00e9der \u00e0 vos donn\u00e9es, de les corriger ou de les supprimer ;<br \/>* de vous opposer au traitement de vos donn\u00e9es ou de retirer votre consentement ;<br \/>* de d\u00e9poser une plainte aupr\u00e8s de l'Autorit\u00e9 de protection des donn\u00e9es (APD).<\/p><h2>5. Coordonn\u00e9es de la personne \u00e0 contacter<\/h2><p>Pour toute question ou demande concernant vos donn\u00e9es personnelles, veuillez vous adresser \u00e0 :<\/p><p><strong>Delifresh SRL<\/strong><br \/><strong>Nederkouter 42, 9000 Gand<\/strong><br \/><strong>Courriel : eveline@greenway.be<\/strong><\/p><p>Toute modification apport\u00e9e \u00e0 cette politique est publi\u00e9e sur cette page.<br \/>Derni\u00e8re mise \u00e0 jour : <strong>22\/11\/2024<\/strong><\/p>\t\t\t\t\t\t\t\t<\/div>\n\t\t\t\t<\/div>\n\t\t\t\t\t<\/div>\n\t\t\t\t<\/div>\n\t\t\t\t<\/div>","protected":false},"excerpt":{"rendered":"<p>Politique de confidentialit\u00e9 Chez Delifresh\/Greenway, votre vie priv\u00e9e est primordiale. Nous nous engageons \u00e0 prot\u00e9ger vos donn\u00e9es personnelles et \u00e0 les traiter conform\u00e9ment au r\u00e8glement g\u00e9n\u00e9ral sur la protection des donn\u00e9es (RGPD) et aux autres l\u00e9gislations applicables. 1. Quelles sont les donn\u00e9es que nous collectons ? Nous ne collectons que les donn\u00e9es n\u00e9cessaires \u00e0 la fourniture de nos services, y compris : Informations de contact (nom, adresse e-mail, num\u00e9ro de t\u00e9l\u00e9phone).Facturation [...]<\/p>","protected":false},"author":1,"featured_media":0,"parent":0,"menu_order":0,"comment_status":"closed","ping_status":"closed","template":"","meta":{"_acf_changed":false,"footnotes":""},"class_list":["post-8768","page","type-page","status-publish","hentry"],"acf":[],"yoast_head":"<!-- This site is optimized with the Yoast SEO plugin v26.3 - https:\/\/yoast.com\/wordpress\/plugins\/seo\/ -->\n<title>Privacybeleid - Greenway<\/title>\n<meta name=\"robots\" content=\"index, follow, max-snippet:-1, max-image-preview:large, max-video-preview:-1\" \/>\n<link rel=\"canonical\" href=\"https:\/\/greenway.be\/fr\/politique-de-confidentialite\/\" \/>\n<meta property=\"og:locale\" content=\"fr_FR\" \/>\n<meta property=\"og:type\" content=\"article\" \/>\n<meta property=\"og:title\" content=\"Privacybeleid - Greenway\" \/>\n<meta property=\"og:description\" content=\"Privacybeleid Bij Delifresh\/Greenway staat jouw privacy centraal. Wij hechten veel waarde aan de bescherming van jouw persoonsgegevens en verwerken deze in overeenstemming met de Algemene Verordening Gegevensbescherming (AVG) en andere toepasselijke wetgeving. 1. Welke gegevens verzamelen wij? Wij verzamelen uitsluitend gegevens die noodzakelijk zijn voor het aanbieden van onze diensten, waaronder: Contactinformatie (naam, e-mailadres, telefoonnummer).Facturatie- [&hellip;]\" \/>\n<meta property=\"og:url\" content=\"https:\/\/greenway.be\/fr\/politique-de-confidentialite\/\" \/>\n<meta property=\"og:site_name\" content=\"Greenway\" \/>\n<meta property=\"article:modified_time\" content=\"2024-11-25T21:57:52+00:00\" \/>\n<meta name=\"twitter:card\" content=\"summary_large_image\" \/>\n<meta name=\"twitter:label1\" content=\"Dur\u00e9e de lecture estim\u00e9e\" \/>\n\t<meta name=\"twitter:data1\" content=\"1 minute\" \/>\n<script type=\"application\/ld+json\" class=\"yoast-schema-graph\">{\"@context\":\"https:\/\/schema.org\",\"@graph\":[{\"@type\":\"WebPage\",\"@id\":\"https:\/\/greenway.be\/privacybeleid\/\",\"url\":\"https:\/\/greenway.be\/privacybeleid\/\",\"name\":\"Privacybeleid - Greenway\",\"isPartOf\":{\"@id\":\"https:\/\/greenway.be\/#website\"},\"datePublished\":\"2024-09-04T20:49:10+00:00\",\"dateModified\":\"2024-11-25T21:57:52+00:00\",\"breadcrumb\":{\"@id\":\"https:\/\/greenway.be\/privacybeleid\/#breadcrumb\"},\"inLanguage\":\"fr-FR\",\"potentialAction\":[{\"@type\":\"ReadAction\",\"target\":[\"https:\/\/greenway.be\/privacybeleid\/\"]}]},{\"@type\":\"BreadcrumbList\",\"@id\":\"https:\/\/greenway.be\/privacybeleid\/#breadcrumb\",\"itemListElement\":[{\"@type\":\"ListItem\",\"position\":1,\"name\":\"Home\",\"item\":\"https:\/\/greenway.be\/\"},{\"@type\":\"ListItem\",\"position\":2,\"name\":\"Privacybeleid\"}]},{\"@type\":\"WebSite\",\"@id\":\"https:\/\/greenway.be\/#website\",\"url\":\"https:\/\/greenway.be\/\",\"name\":\"Greenway\",\"description\":\"No meat. No nonsense\",\"publisher\":{\"@id\":\"https:\/\/greenway.be\/#organization\"},\"potentialAction\":[{\"@type\":\"SearchAction\",\"target\":{\"@type\":\"EntryPoint\",\"urlTemplate\":\"https:\/\/greenway.be\/?s={search_term_string}\"},\"query-input\":{\"@type\":\"PropertyValueSpecification\",\"valueRequired\":true,\"valueName\":\"search_term_string\"}}],\"inLanguage\":\"fr-FR\"},{\"@type\":\"Organization\",\"@id\":\"https:\/\/greenway.be\/#organization\",\"name\":\"Greenway\",\"url\":\"https:\/\/greenway.be\/\",\"logo\":{\"@type\":\"ImageObject\",\"inLanguage\":\"fr-FR\",\"@id\":\"https:\/\/greenway.be\/#\/schema\/logo\/image\/\",\"url\":\"https:\/\/greenway.be\/wp-content\/uploads\/2024\/12\/greenway-no-meat-no-nonsense-wit-1024x558-1.png\",\"contentUrl\":\"https:\/\/greenway.be\/wp-content\/uploads\/2024\/12\/greenway-no-meat-no-nonsense-wit-1024x558-1.png\",\"width\":1024,\"height\":558,\"caption\":\"Greenway\"},\"image\":{\"@id\":\"https:\/\/greenway.be\/#\/schema\/logo\/image\/\"}}]}<\/script>\n<!-- \/ Yoast SEO plugin. -->","yoast_head_json":{"title":"Politique de confidentialit\u00e9 - Greenway","robots":{"index":"index","follow":"follow","max-snippet":"max-snippet:-1","max-image-preview":"max-image-preview:large","max-video-preview":"max-video-preview:-1"},"canonical":"https:\/\/greenway.be\/fr\/politique-de-confidentialite\/","og_locale":"fr_FR","og_type":"article","og_title":"Privacybeleid - Greenway","og_description":"Privacybeleid Bij Delifresh\/Greenway staat jouw privacy centraal. Wij hechten veel waarde aan de bescherming van jouw persoonsgegevens en verwerken deze in overeenstemming met de Algemene Verordening Gegevensbescherming (AVG) en andere toepasselijke wetgeving. 1. Welke gegevens verzamelen wij? Wij verzamelen uitsluitend gegevens die noodzakelijk zijn voor het aanbieden van onze diensten, waaronder: Contactinformatie (naam, e-mailadres, telefoonnummer).Facturatie- [&hellip;]","og_url":"https:\/\/greenway.be\/fr\/politique-de-confidentialite\/","og_site_name":"Greenway","article_modified_time":"2024-11-25T21:57:52+00:00","twitter_card":"summary_large_image","twitter_misc":{"Dur\u00e9e de lecture estim\u00e9e":"1 minute"},"schema":{"@context":"https:\/\/schema.org","@graph":[{"@type":"WebPage","@id":"https:\/\/greenway.be\/privacybeleid\/","url":"https:\/\/greenway.be\/privacybeleid\/","name":"Politique de confidentialit\u00e9 - Greenway","isPartOf":{"@id":"https:\/\/greenway.be\/#website"},"datePublished":"2024-09-04T20:49:10+00:00","dateModified":"2024-11-25T21:57:52+00:00","breadcrumb":{"@id":"https:\/\/greenway.be\/privacybeleid\/#breadcrumb"},"inLanguage":"fr-FR","potentialAction":[{"@type":"ReadAction","target":["https:\/\/greenway.be\/privacybeleid\/"]}]},{"@type":"BreadcrumbList","@id":"https:\/\/greenway.be\/privacybeleid\/#breadcrumb","itemListElement":[{"@type":"ListItem","position":1,"name":"Home","item":"https:\/\/greenway.be\/"},{"@type":"ListItem","position":2,"name":"Privacybeleid"}]},{"@type":"WebSite","@id":"https:\/\/greenway.be\/#website","url":"https:\/\/greenway.be\/","name":"Greenway","description":"Pas de viande. Pas de b\u00eatises","publisher":{"@id":"https:\/\/greenway.be\/#organization"},"potentialAction":[{"@type":"SearchAction","target":{"@type":"EntryPoint","urlTemplate":"https:\/\/greenway.be\/?s={search_term_string}"},"query-input":{"@type":"PropertyValueSpecification","valueRequired":true,"valueName":"search_term_string"}}],"inLanguage":"fr-FR"},{"@type":"Organization","@id":"https:\/\/greenway.be\/#organization","name":"Greenway","url":"https:\/\/greenway.be\/","logo":{"@type":"ImageObject","inLanguage":"fr-FR","@id":"https:\/\/greenway.be\/#\/schema\/logo\/image\/","url":"https:\/\/greenway.be\/wp-content\/uploads\/2024\/12\/greenway-no-meat-no-nonsense-wit-1024x558-1.png","contentUrl":"https:\/\/greenway.be\/wp-content\/uploads\/2024\/12\/greenway-no-meat-no-nonsense-wit-1024x558-1.png","width":1024,"height":558,"caption":"Greenway"},"image":{"@id":"https:\/\/greenway.be\/#\/schema\/logo\/image\/"}}]}},"_links":{"self":[{"href":"https:\/\/greenway.be\/fr\/wp-json\/wp\/v2\/pages\/8768","targetHints":{"allow":["GET"]}}],"collection":[{"href":"https:\/\/greenway.be\/fr\/wp-json\/wp\/v2\/pages"}],"about":[{"href":"https:\/\/greenway.be\/fr\/wp-json\/wp\/v2\/types\/page"}],"author":[{"embeddable":true,"href":"https:\/\/greenway.be\/fr\/wp-json\/wp\/v2\/users\/1"}],"replies":[{"embeddable":true,"href":"https:\/\/greenway.be\/fr\/wp-json\/wp\/v2\/comments?post=8768"}],"version-history":[{"count":8,"href":"https:\/\/greenway.be\/fr\/wp-json\/wp\/v2\/pages\/8768\/revisions"}],"predecessor-version":[{"id":11060,"href":"https:\/\/greenway.be\/fr\/wp-json\/wp\/v2\/pages\/8768\/revisions\/11060"}],"wp:attachment":[{"href":"https:\/\/greenway.be\/fr\/wp-json\/wp\/v2\/media?parent=8768"}],"curies":[{"name":"wp","href":"https:\/\/api.w.org\/{rel}","templated":true}]}}