{"id":8766,"date":"2024-09-04T22:48:34","date_gmt":"2024-09-04T20:48:34","guid":{"rendered":"http:\/\/greenway.be\/?page_id=8766"},"modified":"2025-04-14T19:47:46","modified_gmt":"2025-04-14T17:47:46","slug":"politique-en-matiere-de-cookies","status":"publish","type":"page","link":"https:\/\/greenway.be\/fr\/politique-en-matiere-de-cookies\/","title":{"rendered":"Politique en mati\u00e8re de cookies"},"content":{"rendered":"<div data-elementor-type=\"wp-page\" data-elementor-id=\"8766\" class=\"elementor elementor-8766\" data-elementor-post-type=\"page\">\n\t\t\t\t<div class=\"elementor-element elementor-element-8702efe e-flex e-con-boxed e-con e-parent\" data-id=\"8702efe\" data-element_type=\"container\">\n\t\t\t\t\t<div class=\"e-con-inner\">\n\t\t<div class=\"elementor-element elementor-element-7716049 e-con-full e-flex e-con e-child\" data-id=\"7716049\" data-element_type=\"container\">\n\t\t\t\t<div class=\"elementor-element elementor-element-6d466fd elementor-widget elementor-widget-heading\" data-id=\"6d466fd\" data-element_type=\"widget\" data-widget_type=\"heading.default\">\n\t\t\t\t<div class=\"elementor-widget-container\">\n\t\t\t\t\t<h3 class=\"elementor-heading-title elementor-size-default\">Politique en mati\u00e8re de cookies<\/h3>\t\t\t\t<\/div>\n\t\t\t\t<\/div>\n\t\t\t\t<\/div>\n\t\t\t\t<div class=\"elementor-element elementor-element-dff7dde elementor-widget elementor-widget-text-editor\" data-id=\"dff7dde\" data-element_type=\"widget\" data-widget_type=\"text-editor.default\">\n\t\t\t\t<div class=\"elementor-widget-container\">\n\t\t\t\t\t\t\t\t\t<p>Derni\u00e8re mise \u00e0 jour : <strong>22 janvier 2025<\/strong><\/p>\n<p>Bienvenue chez Delifresh ! Nous pensons qu'il est important d'\u00eatre transparent sur la mani\u00e8re dont nous utilisons les cookies et les technologies similaires lorsque vous visitez notre site web. Cette politique en mati\u00e8re de cookies explique ce que sont les cookies, quels sont les cookies que nous utilisons, pourquoi nous les utilisons et comment vous pouvez g\u00e9rer vos pr\u00e9f\u00e9rences en mati\u00e8re de cookies.<\/p>\n<h2>1. Qu'est-ce qu'un cookie ?<\/h2>\n<p>Les cookies sont de petits fichiers texte qui sont plac\u00e9s sur votre ordinateur, votre tablette ou votre smartphone lorsque vous visitez un site web. Ils nous aident \u00e0 am\u00e9liorer votre exp\u00e9rience en m\u00e9morisant des informations sur votre utilisation de notre site web. Certains cookies sont essentiels au fonctionnement du site web, tandis que d'autres nous aident \u00e0 am\u00e9liorer ses performances et ses fonctionnalit\u00e9s.<\/p>\n<h2>2. Quels types de cookies utilisons-nous ?<\/h2>\n<p>Nous utilisons les cat\u00e9gories de cookies suivantes :<\/p>\n<p>- <strong>Cookies strictement n\u00e9cessaires<\/strong> <br \/>Ces cookies sont essentiels au fonctionnement de notre site web et ne peuvent pas \u00eatre d\u00e9sactiv\u00e9s. Par exemple, ils sont utilis\u00e9s pour vous connecter \u00e0 des zones s\u00e9curis\u00e9es du site.<\/p>\n<p>- <strong>Cookies pr\u00e9f\u00e9r\u00e9s<\/strong> <br \/>Ces cookies nous permettent de m\u00e9moriser vos choix et pr\u00e9f\u00e9rences, comme votre langue ou votre r\u00e9gion.<\/p>\n<p>- <strong>Cookies statistiques<\/strong> <br \/>Ces cookies nous aident \u00e0 comprendre comment les visiteurs utilisent notre site web afin d'en am\u00e9liorer les performances. Toutes les donn\u00e9es collect\u00e9es sont anonymes.<\/p>\n<p>- <strong>Cookies de marketing et de suivi<\/strong> <br \/>Ces cookies sont utilis\u00e9s pour afficher des publicit\u00e9s pertinentes pour vous. Ils peuvent \u00e9galement \u00eatre utilis\u00e9s par nos partenaires publicitaires pour suivre votre comportement sur plusieurs sites web.<\/p>\n<h2>3. Comment et pourquoi utilisons-nous des cookies ?<\/h2>\n<p>Nous utilisons des cookies pour :<\/p>\n<p><strong>- Am\u00e9liorer la fonctionnalit\u00e9 et les performances de notre site web.<\/strong><\/p>\n<p><strong>- M\u00e9morisation de vos pr\u00e9f\u00e9rences (telles que les param\u00e8tres linguistiques).<\/strong><\/p>\n<p><strong>- Collecter des statistiques sur l'utilisation de notre site web.<\/strong><\/p>\n<p><strong>- Afficher des annonces personnalis\u00e9es.<\/strong><\/p>\n<h2>4. Comment pouvez-vous g\u00e9rer vos pr\u00e9f\u00e9rences en mati\u00e8re de cookies ?<\/h2>\n<p>Vous pouvez g\u00e9rer ou d\u00e9sactiver les cookies via les param\u00e8tres de votre navigateur. Veuillez noter que la d\u00e9sactivation de certains cookies peut affecter la fonctionnalit\u00e9 de notre site web.<\/p>\n<h2>5. Cookies de tiers<\/h2>\n<p>Certains cookies sont install\u00e9s par des tiers, tels que Google Analytics, Facebook ou d'autres partenaires publicitaires. Ces cookies sont soumis aux politiques de confidentialit\u00e9 de ces tiers. Nous vous recommandons de consulter leurs politiques pour plus d'informations.<\/p>\n<h2>6. Ajustements de notre politique en mati\u00e8re de cookies<\/h2>\n<p>Nous pouvons mettre \u00e0 jour la pr\u00e9sente politique en mati\u00e8re de cookies de temps \u00e0 autre. Toute modification sera publi\u00e9e sur cette page. Veuillez consulter r\u00e9guli\u00e8rement cette page pour vous tenir au courant de notre utilisation des cookies.<\/p>\n<p>Coordonn\u00e9es Si vous avez des questions concernant la pr\u00e9sente politique en mati\u00e8re de cookies, veuillez nous contacter : <strong>Delifresh BV, Nederkouter 42, 9000 Gand eveline@greenway.be<\/strong><\/p>\t\t\t\t\t\t\t\t<\/div>\n\t\t\t\t<\/div>\n\t\t\t\t\t<\/div>\n\t\t\t\t<\/div>\n\t\t\t\t<\/div>","protected":false},"excerpt":{"rendered":"<p>Cookiebeleid Laatste update: 22 januari 2025 Welkom bij Delifresh! Wij vinden het belangrijk om transparant te zijn over hoe wij cookies en soortgelijke technologie\u00ebn gebruiken wanneer je onze website bezoekt. Dit Cookiebeleid legt uit wat cookies zijn, welke cookies wij gebruiken, waarom we ze gebruiken en hoe je je cookievoorkeuren kunt beheren. 1. Wat zijn [&hellip;]<\/p>","protected":false},"author":1,"featured_media":0,"parent":0,"menu_order":0,"comment_status":"closed","ping_status":"closed","template":"","meta":{"_acf_changed":false,"footnotes":""},"class_list":["post-8766","page","type-page","status-publish","hentry"],"acf":[],"yoast_head":"<!-- This site is optimized with the Yoast SEO plugin v26.3 - https:\/\/yoast.com\/wordpress\/plugins\/seo\/ -->\n<title>Cookiebeleid - Greenway<\/title>\n<meta name=\"robots\" content=\"index, follow, max-snippet:-1, max-image-preview:large, max-video-preview:-1\" \/>\n<link rel=\"canonical\" href=\"https:\/\/greenway.be\/fr\/politique-en-matiere-de-cookies\/\" \/>\n<meta property=\"og:locale\" content=\"fr_FR\" \/>\n<meta property=\"og:type\" content=\"article\" \/>\n<meta property=\"og:title\" content=\"Cookiebeleid - Greenway\" \/>\n<meta property=\"og:description\" content=\"Cookiebeleid Laatste update: 22 januari 2025 Welkom bij Delifresh! Wij vinden het belangrijk om transparant te zijn over hoe wij cookies en soortgelijke technologie\u00ebn gebruiken wanneer je onze website bezoekt. Dit Cookiebeleid legt uit wat cookies zijn, welke cookies wij gebruiken, waarom we ze gebruiken en hoe je je cookievoorkeuren kunt beheren. 1. Wat zijn [&hellip;]\" \/>\n<meta property=\"og:url\" content=\"https:\/\/greenway.be\/fr\/politique-en-matiere-de-cookies\/\" \/>\n<meta property=\"og:site_name\" content=\"Greenway\" \/>\n<meta property=\"article:modified_time\" content=\"2025-04-14T17:47:46+00:00\" \/>\n<meta name=\"twitter:card\" content=\"summary_large_image\" \/>\n<meta name=\"twitter:label1\" content=\"Dur\u00e9e de lecture estim\u00e9e\" \/>\n\t<meta name=\"twitter:data1\" content=\"2 minutes\" \/>\n<script type=\"application\/ld+json\" class=\"yoast-schema-graph\">{\"@context\":\"https:\/\/schema.org\",\"@graph\":[{\"@type\":\"WebPage\",\"@id\":\"https:\/\/greenway.be\/cookiebeleid\/\",\"url\":\"https:\/\/greenway.be\/cookiebeleid\/\",\"name\":\"Cookiebeleid - Greenway\",\"isPartOf\":{\"@id\":\"https:\/\/greenway.be\/#website\"},\"datePublished\":\"2024-09-04T20:48:34+00:00\",\"dateModified\":\"2025-04-14T17:47:46+00:00\",\"breadcrumb\":{\"@id\":\"https:\/\/greenway.be\/cookiebeleid\/#breadcrumb\"},\"inLanguage\":\"fr-FR\",\"potentialAction\":[{\"@type\":\"ReadAction\",\"target\":[\"https:\/\/greenway.be\/cookiebeleid\/\"]}]},{\"@type\":\"BreadcrumbList\",\"@id\":\"https:\/\/greenway.be\/cookiebeleid\/#breadcrumb\",\"itemListElement\":[{\"@type\":\"ListItem\",\"position\":1,\"name\":\"Home\",\"item\":\"https:\/\/greenway.be\/\"},{\"@type\":\"ListItem\",\"position\":2,\"name\":\"Cookiebeleid\"}]},{\"@type\":\"WebSite\",\"@id\":\"https:\/\/greenway.be\/#website\",\"url\":\"https:\/\/greenway.be\/\",\"name\":\"Greenway\",\"description\":\"No meat. No nonsense\",\"publisher\":{\"@id\":\"https:\/\/greenway.be\/#organization\"},\"potentialAction\":[{\"@type\":\"SearchAction\",\"target\":{\"@type\":\"EntryPoint\",\"urlTemplate\":\"https:\/\/greenway.be\/?s={search_term_string}\"},\"query-input\":{\"@type\":\"PropertyValueSpecification\",\"valueRequired\":true,\"valueName\":\"search_term_string\"}}],\"inLanguage\":\"fr-FR\"},{\"@type\":\"Organization\",\"@id\":\"https:\/\/greenway.be\/#organization\",\"name\":\"Greenway\",\"url\":\"https:\/\/greenway.be\/\",\"logo\":{\"@type\":\"ImageObject\",\"inLanguage\":\"fr-FR\",\"@id\":\"https:\/\/greenway.be\/#\/schema\/logo\/image\/\",\"url\":\"https:\/\/greenway.be\/wp-content\/uploads\/2024\/12\/greenway-no-meat-no-nonsense-wit-1024x558-1.png\",\"contentUrl\":\"https:\/\/greenway.be\/wp-content\/uploads\/2024\/12\/greenway-no-meat-no-nonsense-wit-1024x558-1.png\",\"width\":1024,\"height\":558,\"caption\":\"Greenway\"},\"image\":{\"@id\":\"https:\/\/greenway.be\/#\/schema\/logo\/image\/\"}}]}<\/script>\n<!-- \/ Yoast SEO plugin. -->","yoast_head_json":{"title":"Politique en mati\u00e8re de cookies - Greenway","robots":{"index":"index","follow":"follow","max-snippet":"max-snippet:-1","max-image-preview":"max-image-preview:large","max-video-preview":"max-video-preview:-1"},"canonical":"https:\/\/greenway.be\/fr\/politique-en-matiere-de-cookies\/","og_locale":"fr_FR","og_type":"article","og_title":"Cookiebeleid - Greenway","og_description":"Cookiebeleid Laatste update: 22 januari 2025 Welkom bij Delifresh! Wij vinden het belangrijk om transparant te zijn over hoe wij cookies en soortgelijke technologie\u00ebn gebruiken wanneer je onze website bezoekt. Dit Cookiebeleid legt uit wat cookies zijn, welke cookies wij gebruiken, waarom we ze gebruiken en hoe je je cookievoorkeuren kunt beheren. 1. Wat zijn [&hellip;]","og_url":"https:\/\/greenway.be\/fr\/politique-en-matiere-de-cookies\/","og_site_name":"Greenway","article_modified_time":"2025-04-14T17:47:46+00:00","twitter_card":"summary_large_image","twitter_misc":{"Dur\u00e9e de lecture estim\u00e9e":"2 minutes"},"schema":{"@context":"https:\/\/schema.org","@graph":[{"@type":"WebPage","@id":"https:\/\/greenway.be\/cookiebeleid\/","url":"https:\/\/greenway.be\/cookiebeleid\/","name":"Politique en mati\u00e8re de cookies - Greenway","isPartOf":{"@id":"https:\/\/greenway.be\/#website"},"datePublished":"2024-09-04T20:48:34+00:00","dateModified":"2025-04-14T17:47:46+00:00","breadcrumb":{"@id":"https:\/\/greenway.be\/cookiebeleid\/#breadcrumb"},"inLanguage":"fr-FR","potentialAction":[{"@type":"ReadAction","target":["https:\/\/greenway.be\/cookiebeleid\/"]}]},{"@type":"BreadcrumbList","@id":"https:\/\/greenway.be\/cookiebeleid\/#breadcrumb","itemListElement":[{"@type":"ListItem","position":1,"name":"Home","item":"https:\/\/greenway.be\/"},{"@type":"ListItem","position":2,"name":"Cookiebeleid"}]},{"@type":"WebSite","@id":"https:\/\/greenway.be\/#website","url":"https:\/\/greenway.be\/","name":"Greenway","description":"Pas de viande. Pas de b\u00eatises","publisher":{"@id":"https:\/\/greenway.be\/#organization"},"potentialAction":[{"@type":"SearchAction","target":{"@type":"EntryPoint","urlTemplate":"https:\/\/greenway.be\/?s={search_term_string}"},"query-input":{"@type":"PropertyValueSpecification","valueRequired":true,"valueName":"search_term_string"}}],"inLanguage":"fr-FR"},{"@type":"Organization","@id":"https:\/\/greenway.be\/#organization","name":"Greenway","url":"https:\/\/greenway.be\/","logo":{"@type":"ImageObject","inLanguage":"fr-FR","@id":"https:\/\/greenway.be\/#\/schema\/logo\/image\/","url":"https:\/\/greenway.be\/wp-content\/uploads\/2024\/12\/greenway-no-meat-no-nonsense-wit-1024x558-1.png","contentUrl":"https:\/\/greenway.be\/wp-content\/uploads\/2024\/12\/greenway-no-meat-no-nonsense-wit-1024x558-1.png","width":1024,"height":558,"caption":"Greenway"},"image":{"@id":"https:\/\/greenway.be\/#\/schema\/logo\/image\/"}}]}},"_links":{"self":[{"href":"https:\/\/greenway.be\/fr\/wp-json\/wp\/v2\/pages\/8766","targetHints":{"allow":["GET"]}}],"collection":[{"href":"https:\/\/greenway.be\/fr\/wp-json\/wp\/v2\/pages"}],"about":[{"href":"https:\/\/greenway.be\/fr\/wp-json\/wp\/v2\/types\/page"}],"author":[{"embeddable":true,"href":"https:\/\/greenway.be\/fr\/wp-json\/wp\/v2\/users\/1"}],"replies":[{"embeddable":true,"href":"https:\/\/greenway.be\/fr\/wp-json\/wp\/v2\/comments?post=8766"}],"version-history":[{"count":8,"href":"https:\/\/greenway.be\/fr\/wp-json\/wp\/v2\/pages\/8766\/revisions"}],"predecessor-version":[{"id":11064,"href":"https:\/\/greenway.be\/fr\/wp-json\/wp\/v2\/pages\/8766\/revisions\/11064"}],"wp:attachment":[{"href":"https:\/\/greenway.be\/fr\/wp-json\/wp\/v2\/media?parent=8766"}],"curies":[{"name":"wp","href":"https:\/\/api.w.org\/{rel}","templated":true}]}}