{"id":11714,"date":"2025-12-08T16:18:46","date_gmt":"2025-12-08T14:18:46","guid":{"rendered":"https:\/\/greenway.be\/?page_id=11714"},"modified":"2025-12-08T16:22:06","modified_gmt":"2025-12-08T14:22:06","slug":"jobs","status":"publish","type":"page","link":"https:\/\/greenway.be\/fr\/jobs\/","title":{"rendered":"\u00c0 propos de nous"},"content":{"rendered":"<div data-elementor-type=\"wp-page\" data-elementor-id=\"11714\" class=\"elementor elementor-11714\" data-elementor-post-type=\"page\">\n\t\t\t\t\t\t<section class=\"elementor-section elementor-top-section elementor-element elementor-element-d3f6e5c elementor-section-boxed elementor-section-height-default elementor-section-height-default\" data-id=\"d3f6e5c\" data-element_type=\"section\">\n\t\t\t\t\t\t<div class=\"elementor-container elementor-column-gap-default\">\n\t\t\t\t\t<div class=\"elementor-column elementor-col-50 elementor-top-column elementor-element elementor-element-2a59f6a\" data-id=\"2a59f6a\" data-element_type=\"column\">\n\t\t\t<div class=\"elementor-widget-wrap elementor-element-populated\">\n\t\t\t\t\t\t<div class=\"elementor-element elementor-element-928157a elementor-widget__width-initial elementor-widget elementor-widget-heading\" data-id=\"928157a\" data-element_type=\"widget\" data-widget_type=\"heading.default\">\n\t\t\t\t<div class=\"elementor-widget-container\">\n\t\t\t\t\t<h3 class=\"elementor-heading-title elementor-size-default\">vacature key <br>accountmanager foodservice<\/h3>\t\t\t\t<\/div>\n\t\t\t\t<\/div>\n\t\t\t\t<div class=\"elementor-element elementor-element-9835fec elementor-widget elementor-widget-text-editor\" data-id=\"9835fec\" data-element_type=\"widget\" data-widget_type=\"text-editor.default\">\n\t\t\t\t<div class=\"elementor-widget-container\">\n\t\t\t\t\t\t\t\t\t<div class=\"et_pb_module et_pb_text et_pb_text_3 et_pb_text_align_left et_pb_bg_layout_light\"><div class=\"et_pb_text_inner\"><p>Wij wensen ons enthousiast team te versterken met een foodservice verantwoordelijke. Bij Greenway geloven we dat we door smaak de eiwittransitie kunnen versnellen.<\/p><p>Greenway is een innovatief, Belgisch merk, zowel aanwezig binnen foodservice, een eigen restaurant als in retail. Je komt dus terecht in een jonge en dynamische omgeving met ruimte voor ondernemen en initiatief. We zijn een missie-gedreven organisatie die een positieve impact wil hebben op mens, dier en milieu.<\/p><\/div><\/div>\t\t\t\t\t\t\t\t<\/div>\n\t\t\t\t<\/div>\n\t\t\t\t\t<\/div>\n\t\t<\/div>\n\t\t\t\t<div class=\"elementor-column elementor-col-50 elementor-top-column elementor-element elementor-element-a685c92\" data-id=\"a685c92\" data-element_type=\"column\">\n\t\t\t<div class=\"elementor-widget-wrap elementor-element-populated\">\n\t\t\t\t\t\t<div class=\"elementor-element elementor-element-8493054 dce_masking-none elementor-widget elementor-widget-image\" data-id=\"8493054\" data-element_type=\"widget\" data-widget_type=\"image.default\">\n\t\t\t\t<div class=\"elementor-widget-container\">\n\t\t\t\t\t\t\t\t\t\t\t\t\t\t\t<img fetchpriority=\"high\" decoding=\"async\" width=\"768\" height=\"512\" src=\"https:\/\/greenway.be\/wp-content\/uploads\/2024\/11\/team-768x512.jpg\" class=\"attachment-medium_large size-medium_large wp-image-10062\" alt=\"\u00e9quipe\" srcset=\"https:\/\/greenway.be\/wp-content\/uploads\/2024\/11\/team-768x512.jpg 768w, https:\/\/greenway.be\/wp-content\/uploads\/2024\/11\/team-300x200.jpg 300w, https:\/\/greenway.be\/wp-content\/uploads\/2024\/11\/team-1024x683.jpg 1024w, https:\/\/greenway.be\/wp-content\/uploads\/2024\/11\/team-1536x1024.jpg 1536w, https:\/\/greenway.be\/wp-content\/uploads\/2024\/11\/team-2048x1365.jpg 2048w\" sizes=\"(max-width: 768px) 100vw, 768px\" \/>\t\t\t\t\t\t\t\t\t\t\t\t\t\t\t<\/div>\n\t\t\t\t<\/div>\n\t\t\t\t\t<\/div>\n\t\t<\/div>\n\t\t\t\t\t<\/div>\n\t\t<\/section>\n\t\t<div class=\"elementor-element elementor-element-f44d422 e-flex e-con-boxed e-con e-parent\" data-id=\"f44d422\" data-element_type=\"container\">\n\t\t\t\t\t<div class=\"e-con-inner\">\n\t\t\t\t<div class=\"elementor-element elementor-element-1bb7320 elementor-widget elementor-widget-text-editor\" data-id=\"1bb7320\" data-element_type=\"widget\" data-widget_type=\"text-editor.default\">\n\t\t\t\t<div class=\"elementor-widget-container\">\n\t\t\t\t\t\t\t\t\t<p><span style=\"text-decoration: underline;\">Functie-omschrijving:<\/span><\/p><ul><li>Je bent verantwoordelijk voor de commercialisering en opvolging van ons productgamma in foodservice<\/li><li>Je bent het aanspreekpunt voor je klanten (Solucious, Bidfood, Sligro, Compass, \u2026) en voor de collega\u2019s van Greenway, gaande van prijszetting tot promotioneel beleid<\/li><li>Je hebt de P&amp;L verantwoordelijkheid foodservice voor de toegewezen accounts, waarbij we rekenen op je ondernemerschap om de groei te bestendigen en te verhogen<\/li><li>Je verzorgt de wekelijkse rapportering (verkoop, marge, promotiebudget, customer marketing acties)<\/li><li>Je weet duidelijke doelstellingen te formuleren in een jaarplan, deze te evalueren en over te brengen naar je accounts<\/li><\/ul><p>\u00a0<\/p><p><span style=\"text-decoration: underline;\">Profiel:<\/span><\/p><ul><li>Je hebt minstens 3 jaar ervaring in sales foodservice in een FMCG bedrijf<\/li><li>Je kan je vinden in de missie van Greenway<\/li><li>Je hebt een grote verantwoordelijkheidszin, met analytische en financi\u00eble competentie<\/li><li>Je bent een geboren optimist, jouw enthousiasme werkt dan ook aanstekelijk<\/li><li>Je bent een teamplayer<\/li><li>Je spreekt Nederlands\/ Frans\/ Engels<\/li><li>Je houdt van mensen!<\/li><\/ul><p>\u00a0<\/p><p>WIJ BIEDEN:<\/p><p>Een toffe en gevarieerde job in een jonge en dynamische omgeving met een aantrekkelijk salaris. Indien interesse stuur je CV en een korte motivatie naar <a href=\"mailto:cedric@greenway.be\">cedric@greenway.be<\/a><\/p>\t\t\t\t\t\t\t\t<\/div>\n\t\t\t\t<\/div>\n\t\t\t\t\t<\/div>\n\t\t\t\t<\/div>\n\t\t\t\t<\/div>","protected":false},"excerpt":{"rendered":"<p>vacature key accountmanager foodservice Wij wensen ons enthousiast team te versterken met een foodservice verantwoordelijke. Bij Greenway geloven we dat we door smaak de eiwittransitie kunnen versnellen. Greenway is een innovatief, Belgisch merk, zowel aanwezig binnen foodservice, een eigen restaurant als in retail. Je komt dus terecht in een jonge en dynamische omgeving met ruimte [&hellip;]<\/p>","protected":false},"author":2,"featured_media":0,"parent":0,"menu_order":0,"comment_status":"closed","ping_status":"closed","template":"","meta":{"_acf_changed":false,"footnotes":""},"class_list":["post-11714","page","type-page","status-publish","hentry"],"acf":[],"yoast_head":"<!-- This site is optimized with the Yoast SEO plugin v26.3 - https:\/\/yoast.com\/wordpress\/plugins\/seo\/ -->\n<title>Over ons - Greenway<\/title>\n<meta name=\"description\" content=\"Bij Greenway geloven we dat we de kracht hebben om de wereld te veranderen. Niet van de ene op de andere dag. Met onze innovatieve, lokale producten bieden wij een antwoord op de stijgende vraag naar alternatieven voor vlees.\" \/>\n<meta name=\"robots\" content=\"index, follow, max-snippet:-1, max-image-preview:large, max-video-preview:-1\" \/>\n<link rel=\"canonical\" href=\"https:\/\/greenway.be\/fr\/jobs\/\" \/>\n<meta property=\"og:locale\" content=\"fr_FR\" \/>\n<meta property=\"og:type\" content=\"article\" \/>\n<meta property=\"og:title\" content=\"Over ons - Greenway\" \/>\n<meta property=\"og:description\" content=\"Bij Greenway geloven we dat we de kracht hebben om de wereld te veranderen. Niet van de ene op de andere dag. Met onze innovatieve, lokale producten bieden wij een antwoord op de stijgende vraag naar alternatieven voor vlees.\" \/>\n<meta property=\"og:url\" content=\"https:\/\/greenway.be\/fr\/jobs\/\" \/>\n<meta property=\"og:site_name\" content=\"Greenway\" \/>\n<meta property=\"article:modified_time\" content=\"2025-12-08T14:22:06+00:00\" \/>\n<meta property=\"og:image\" content=\"https:\/\/greenway.be\/wp-content\/uploads\/2024\/11\/team-768x512.jpg\" \/>\n<meta name=\"twitter:card\" content=\"summary_large_image\" \/>\n<meta name=\"twitter:label1\" content=\"Dur\u00e9e de lecture estim\u00e9e\" \/>\n\t<meta name=\"twitter:data1\" content=\"2 minutes\" \/>\n<script type=\"application\/ld+json\" class=\"yoast-schema-graph\">{\"@context\":\"https:\/\/schema.org\",\"@graph\":[{\"@type\":\"WebPage\",\"@id\":\"https:\/\/greenway.be\/jobs\/\",\"url\":\"https:\/\/greenway.be\/jobs\/\",\"name\":\"Over ons - Greenway\",\"isPartOf\":{\"@id\":\"https:\/\/greenway.be\/#website\"},\"primaryImageOfPage\":{\"@id\":\"https:\/\/greenway.be\/jobs\/#primaryimage\"},\"image\":{\"@id\":\"https:\/\/greenway.be\/jobs\/#primaryimage\"},\"thumbnailUrl\":\"https:\/\/greenway.be\/wp-content\/uploads\/2024\/11\/team-768x512.jpg\",\"datePublished\":\"2025-12-08T14:18:46+00:00\",\"dateModified\":\"2025-12-08T14:22:06+00:00\",\"description\":\"Bij Greenway geloven we dat we de kracht hebben om de wereld te veranderen. Niet van de ene op de andere dag. Met onze innovatieve, lokale producten bieden wij een antwoord op de stijgende vraag naar alternatieven voor vlees.\",\"breadcrumb\":{\"@id\":\"https:\/\/greenway.be\/jobs\/#breadcrumb\"},\"inLanguage\":\"fr-FR\",\"potentialAction\":[{\"@type\":\"ReadAction\",\"target\":[\"https:\/\/greenway.be\/jobs\/\"]}]},{\"@type\":\"ImageObject\",\"inLanguage\":\"fr-FR\",\"@id\":\"https:\/\/greenway.be\/jobs\/#primaryimage\",\"url\":\"https:\/\/greenway.be\/wp-content\/uploads\/2024\/11\/team-768x512.jpg\",\"contentUrl\":\"https:\/\/greenway.be\/wp-content\/uploads\/2024\/11\/team-768x512.jpg\"},{\"@type\":\"BreadcrumbList\",\"@id\":\"https:\/\/greenway.be\/jobs\/#breadcrumb\",\"itemListElement\":[{\"@type\":\"ListItem\",\"position\":1,\"name\":\"Home\",\"item\":\"https:\/\/greenway.be\/\"},{\"@type\":\"ListItem\",\"position\":2,\"name\":\"Over ons\"}]},{\"@type\":\"WebSite\",\"@id\":\"https:\/\/greenway.be\/#website\",\"url\":\"https:\/\/greenway.be\/\",\"name\":\"Greenway\",\"description\":\"No meat. No nonsense\",\"publisher\":{\"@id\":\"https:\/\/greenway.be\/#organization\"},\"potentialAction\":[{\"@type\":\"SearchAction\",\"target\":{\"@type\":\"EntryPoint\",\"urlTemplate\":\"https:\/\/greenway.be\/?s={search_term_string}\"},\"query-input\":{\"@type\":\"PropertyValueSpecification\",\"valueRequired\":true,\"valueName\":\"search_term_string\"}}],\"inLanguage\":\"fr-FR\"},{\"@type\":\"Organization\",\"@id\":\"https:\/\/greenway.be\/#organization\",\"name\":\"Greenway\",\"url\":\"https:\/\/greenway.be\/\",\"logo\":{\"@type\":\"ImageObject\",\"inLanguage\":\"fr-FR\",\"@id\":\"https:\/\/greenway.be\/#\/schema\/logo\/image\/\",\"url\":\"https:\/\/greenway.be\/wp-content\/uploads\/2024\/12\/greenway-no-meat-no-nonsense-wit-1024x558-1.png\",\"contentUrl\":\"https:\/\/greenway.be\/wp-content\/uploads\/2024\/12\/greenway-no-meat-no-nonsense-wit-1024x558-1.png\",\"width\":1024,\"height\":558,\"caption\":\"Greenway\"},\"image\":{\"@id\":\"https:\/\/greenway.be\/#\/schema\/logo\/image\/\"}}]}<\/script>\n<!-- \/ Yoast SEO plugin. -->","yoast_head_json":{"title":"\u00c0 propos de nous - Greenway","description":"Chez Greenway, nous pensons que nous avons le pouvoir de changer le monde. Mais pas du jour au lendemain. Avec nos produits innovants et locaux, nous offrons une r\u00e9ponse \u00e0 la demande croissante d'alternatives \u00e0 la viande.","robots":{"index":"index","follow":"follow","max-snippet":"max-snippet:-1","max-image-preview":"max-image-preview:large","max-video-preview":"max-video-preview:-1"},"canonical":"https:\/\/greenway.be\/fr\/jobs\/","og_locale":"fr_FR","og_type":"article","og_title":"Over ons - Greenway","og_description":"Bij Greenway geloven we dat we de kracht hebben om de wereld te veranderen. Niet van de ene op de andere dag. Met onze innovatieve, lokale producten bieden wij een antwoord op de stijgende vraag naar alternatieven voor vlees.","og_url":"https:\/\/greenway.be\/fr\/jobs\/","og_site_name":"Greenway","article_modified_time":"2025-12-08T14:22:06+00:00","og_image":[{"url":"https:\/\/greenway.be\/wp-content\/uploads\/2024\/11\/team-768x512.jpg","type":"","width":"","height":""}],"twitter_card":"summary_large_image","twitter_misc":{"Dur\u00e9e de lecture estim\u00e9e":"2 minutes"},"schema":{"@context":"https:\/\/schema.org","@graph":[{"@type":"WebPage","@id":"https:\/\/greenway.be\/jobs\/","url":"https:\/\/greenway.be\/jobs\/","name":"\u00c0 propos de nous - Greenway","isPartOf":{"@id":"https:\/\/greenway.be\/#website"},"primaryImageOfPage":{"@id":"https:\/\/greenway.be\/jobs\/#primaryimage"},"image":{"@id":"https:\/\/greenway.be\/jobs\/#primaryimage"},"thumbnailUrl":"https:\/\/greenway.be\/wp-content\/uploads\/2024\/11\/team-768x512.jpg","datePublished":"2025-12-08T14:18:46+00:00","dateModified":"2025-12-08T14:22:06+00:00","description":"Chez Greenway, nous pensons que nous avons le pouvoir de changer le monde. Mais pas du jour au lendemain. Avec nos produits innovants et locaux, nous offrons une r\u00e9ponse \u00e0 la demande croissante d'alternatives \u00e0 la viande.","breadcrumb":{"@id":"https:\/\/greenway.be\/jobs\/#breadcrumb"},"inLanguage":"fr-FR","potentialAction":[{"@type":"ReadAction","target":["https:\/\/greenway.be\/jobs\/"]}]},{"@type":"ImageObject","inLanguage":"fr-FR","@id":"https:\/\/greenway.be\/jobs\/#primaryimage","url":"https:\/\/greenway.be\/wp-content\/uploads\/2024\/11\/team-768x512.jpg","contentUrl":"https:\/\/greenway.be\/wp-content\/uploads\/2024\/11\/team-768x512.jpg"},{"@type":"BreadcrumbList","@id":"https:\/\/greenway.be\/jobs\/#breadcrumb","itemListElement":[{"@type":"ListItem","position":1,"name":"Home","item":"https:\/\/greenway.be\/"},{"@type":"ListItem","position":2,"name":"Over ons"}]},{"@type":"WebSite","@id":"https:\/\/greenway.be\/#website","url":"https:\/\/greenway.be\/","name":"Greenway","description":"Pas de viande. Pas de b\u00eatises","publisher":{"@id":"https:\/\/greenway.be\/#organization"},"potentialAction":[{"@type":"SearchAction","target":{"@type":"EntryPoint","urlTemplate":"https:\/\/greenway.be\/?s={search_term_string}"},"query-input":{"@type":"PropertyValueSpecification","valueRequired":true,"valueName":"search_term_string"}}],"inLanguage":"fr-FR"},{"@type":"Organization","@id":"https:\/\/greenway.be\/#organization","name":"Greenway","url":"https:\/\/greenway.be\/","logo":{"@type":"ImageObject","inLanguage":"fr-FR","@id":"https:\/\/greenway.be\/#\/schema\/logo\/image\/","url":"https:\/\/greenway.be\/wp-content\/uploads\/2024\/12\/greenway-no-meat-no-nonsense-wit-1024x558-1.png","contentUrl":"https:\/\/greenway.be\/wp-content\/uploads\/2024\/12\/greenway-no-meat-no-nonsense-wit-1024x558-1.png","width":1024,"height":558,"caption":"Greenway"},"image":{"@id":"https:\/\/greenway.be\/#\/schema\/logo\/image\/"}}]}},"_links":{"self":[{"href":"https:\/\/greenway.be\/fr\/wp-json\/wp\/v2\/pages\/11714","targetHints":{"allow":["GET"]}}],"collection":[{"href":"https:\/\/greenway.be\/fr\/wp-json\/wp\/v2\/pages"}],"about":[{"href":"https:\/\/greenway.be\/fr\/wp-json\/wp\/v2\/types\/page"}],"author":[{"embeddable":true,"href":"https:\/\/greenway.be\/fr\/wp-json\/wp\/v2\/users\/2"}],"replies":[{"embeddable":true,"href":"https:\/\/greenway.be\/fr\/wp-json\/wp\/v2\/comments?post=11714"}],"version-history":[{"count":3,"href":"https:\/\/greenway.be\/fr\/wp-json\/wp\/v2\/pages\/11714\/revisions"}],"predecessor-version":[{"id":11717,"href":"https:\/\/greenway.be\/fr\/wp-json\/wp\/v2\/pages\/11714\/revisions\/11717"}],"wp:attachment":[{"href":"https:\/\/greenway.be\/fr\/wp-json\/wp\/v2\/media?parent=11714"}],"curies":[{"name":"wp","href":"https:\/\/api.w.org\/{rel}","templated":true}]}}