{"id":10353,"date":"2024-12-02T14:46:34","date_gmt":"2024-12-02T12:46:34","guid":{"rendered":"http:\/\/greenway.be\/?page_id=10353"},"modified":"2024-12-02T14:47:40","modified_gmt":"2024-12-02T12:47:40","slug":"menu-de-noel","status":"publish","type":"page","link":"https:\/\/greenway.be\/fr\/menu-de-noel\/","title":{"rendered":"Menu de No\u00ebl"},"content":{"rendered":"<div data-elementor-type=\"wp-page\" data-elementor-id=\"10353\" class=\"elementor elementor-10353\" data-elementor-post-type=\"page\">\n\t\t\t\t\t\t<section class=\"elementor-section elementor-top-section elementor-element elementor-element-a5cf1b2 elementor-section-full_width elementor-section-height-default elementor-section-height-default\" data-id=\"a5cf1b2\" data-element_type=\"section\">\n\t\t\t\t\t\t<div class=\"elementor-container elementor-column-gap-default\">\n\t\t\t\t\t<div class=\"elementor-column elementor-col-100 elementor-top-column elementor-element elementor-element-6044883\" data-id=\"6044883\" data-element_type=\"column\">\n\t\t\t<div class=\"elementor-widget-wrap elementor-element-populated\">\n\t\t\t\t\t\t<div class=\"elementor-element elementor-element-9e587eb elementor-widget elementor-widget-flex-slider\" data-id=\"9e587eb\" data-element_type=\"widget\" data-widget_type=\"flex-slider.default\">\n\t\t\t\t<div class=\"elementor-widget-container\">\n\t\t\t\t\t\t\t\t<div class=\"flexslider directionnav-\" data-height=\"500\" data-height_tablet=\"569\" data-height_mobile=\"550\" data-animation_images=\"\" data-autoplay=\"true\" data-slideshowspeed=\"3000\" data-directionnav=\"\" data-controlnav=\"true\" data-prevtext=\"\" data-nexttext=\"\">\r\n\t\t\t\t<ul class=\"slides\">\r\n\t\t\t\t\t<li class=\"item-slide\">\r\n\t\t\t\t\t\t\t\t\t<div class=\"bgimg\" style=\"background-image:url(); background-size: cover; background-position: 50%;\"><\/div>\r\n\t\t\t\t\t\t\t\t\t<div class=\"overlay\" style=\"background:#1A242845\"><\/div>\r\n\t\t\t\t\t\t\t\t\t\r\n\t\t\t\t\t\t\t\t\t<div class=\"flex_caption container\">\r\n\t\t                        \t\t\r\n\t\t                        \t\t<h1 class=\"title captionDelay6 fromTop\">Menu de No\u00ebl<\/h1>\r\n\t\t                        \t\t\r\n\t\t                        \t\t<ul class=\"button-group\"> <li class=\"fromTop\">\r\n\t\t\t\t\t\t\t\t\t\t\t<a href=\"#menu\" class=\"button-one elementor-repeater-item-b3ef52f\">Montrer les pr\u00e9parations <span class=\"btn-icon-right\"><\/span><\/a>\r\n\t\t\t\t\t\t\t\t\t\t<\/li><\/ul>\r\n\t\t\t\t                    <\/div>\t                    \r\n\t\t\t\t                    \r\n\t\t\t\t\t\t\t\t<\/li>\t\t\t\t<\/ul> \r\n\t\t\t<\/div>\r\n\t\t\t\t\t\t\t<\/div>\n\t\t\t\t<\/div>\n\t\t\t\t\t<\/div>\n\t\t<\/div>\n\t\t\t\t\t<\/div>\n\t\t<\/section>\n\t\t<div class=\"elementor-element elementor-element-46336b1 e-flex e-con-boxed e-con e-parent\" data-id=\"46336b1\" data-element_type=\"container\">\n\t\t\t\t\t<div class=\"e-con-inner\">\n\t\t<div class=\"elementor-element elementor-element-05bade2 e-con-full e-flex e-con e-child\" data-id=\"05bade2\" data-element_type=\"container\" data-settings=\"{&quot;background_background&quot;:&quot;classic&quot;}\">\n\t\t\t\t<div class=\"elementor-element elementor-element-c0d0bf0 elementor-widget elementor-widget-heading\" data-id=\"c0d0bf0\" data-element_type=\"widget\" data-widget_type=\"heading.default\">\n\t\t\t\t<div class=\"elementor-widget-container\">\n\t\t\t\t\t<h3 class=\"elementor-heading-title elementor-size-default\">Lundi<\/h3>\t\t\t\t<\/div>\n\t\t\t\t<\/div>\n\t\t\t\t<\/div>\n\t\t\t\t<div class=\"elementor-element elementor-element-3e589ff dce-posts-layout-overlay dce-col-1 dce-col-tablet-1 elementor-hidden-mobile_extra elementor-hidden-mobile dce-col-mobile-1 dce-align-left elementor-widget elementor-widget-dce-acf-relationship\" data-id=\"3e589ff\" data-element_type=\"widget\" data-settings=\"{&quot;style_items&quot;:&quot;overlay&quot;,&quot;grid_grid_type&quot;:&quot;flex&quot;}\" data-widget_type=\"dce-acf-relationship.grid\">\n\t\t\t\t<div class=\"elementor-widget-container\">\n\t\t\t\t\t\t\t<div class=\"dce-posts-container dce-posts\">\n\t\t\t<div class=\"dce-posts-fallback\">\n\t\t\t\t<p>Aucun r\u00e9sultat n'a \u00e9t\u00e9 trouv\u00e9.<\/p>\t\t\t<\/div>\n\t\t<\/div>\n\t\t\t\t\t\t<\/div>\n\t\t\t\t<\/div>\n\t\t\t\t<div class=\"elementor-element elementor-element-66ead53 dce-col-1 dce-col-mobile_extra-1 elementor-hidden-desktop elementor-hidden-laptop elementor-hidden-tablet_extra elementor-hidden-tablet dce-posts-layout-default dce-col-tablet-3 dce-col-mobile-1 dce-align-left elementor-widget elementor-widget-dce-acf-relationship\" data-id=\"66ead53\" data-element_type=\"widget\" data-settings=\"{&quot;style_items&quot;:&quot;default&quot;,&quot;grid_grid_type&quot;:&quot;flex&quot;}\" data-widget_type=\"dce-acf-relationship.grid\">\n\t\t\t\t<div class=\"elementor-widget-container\">\n\t\t\t\t\t\t\t<div class=\"dce-posts-container dce-posts\">\n\t\t\t<div class=\"dce-posts-fallback\">\n\t\t\t\t<p>Aucun r\u00e9sultat n'a \u00e9t\u00e9 trouv\u00e9.<\/p>\t\t\t<\/div>\n\t\t<\/div>\n\t\t\t\t\t\t<\/div>\n\t\t\t\t<\/div>\n\t\t<div class=\"elementor-element elementor-element-e54ccb7 e-con-full e-flex e-con e-child\" data-id=\"e54ccb7\" data-element_type=\"container\" data-settings=\"{&quot;background_background&quot;:&quot;classic&quot;}\">\n\t\t\t\t<div class=\"elementor-element elementor-element-7711c9e elementor-widget elementor-widget-heading\" data-id=\"7711c9e\" data-element_type=\"widget\" data-widget_type=\"heading.default\">\n\t\t\t\t<div class=\"elementor-widget-container\">\n\t\t\t\t\t<h3 class=\"elementor-heading-title elementor-size-default\">Mardi<\/h3>\t\t\t\t<\/div>\n\t\t\t\t<\/div>\n\t\t\t\t<\/div>\n\t\t\t\t<div class=\"elementor-element elementor-element-38b7615 dce-posts-layout-overlay dce-col-1 dce-col-tablet-1 elementor-hidden-mobile_extra elementor-hidden-mobile dce-col-mobile-1 dce-align-left elementor-widget elementor-widget-dce-acf-relationship\" data-id=\"38b7615\" data-element_type=\"widget\" data-settings=\"{&quot;style_items&quot;:&quot;overlay&quot;,&quot;grid_grid_type&quot;:&quot;flex&quot;}\" data-widget_type=\"dce-acf-relationship.grid\">\n\t\t\t\t<div class=\"elementor-widget-container\">\n\t\t\t\t\t\t\t<div class=\"dce-posts-container dce-posts\">\n\t\t\t<div class=\"dce-posts-fallback\">\n\t\t\t\t<p>Aucun r\u00e9sultat n'a \u00e9t\u00e9 trouv\u00e9.<\/p>\t\t\t<\/div>\n\t\t<\/div>\n\t\t\t\t\t\t<\/div>\n\t\t\t\t<\/div>\n\t\t\t\t<div class=\"elementor-element elementor-element-8e37478 dce-col-1 dce-col-mobile_extra-1 elementor-hidden-desktop elementor-hidden-laptop elementor-hidden-tablet_extra elementor-hidden-tablet dce-posts-layout-default dce-col-tablet-3 dce-col-mobile-1 dce-align-left elementor-widget elementor-widget-dce-acf-relationship\" data-id=\"8e37478\" data-element_type=\"widget\" data-settings=\"{&quot;style_items&quot;:&quot;default&quot;,&quot;grid_grid_type&quot;:&quot;flex&quot;}\" data-widget_type=\"dce-acf-relationship.grid\">\n\t\t\t\t<div class=\"elementor-widget-container\">\n\t\t\t\t\t\t\t<div class=\"dce-posts-container dce-posts\">\n\t\t\t<div class=\"dce-posts-fallback\">\n\t\t\t\t<p><p>Aucun r\u00e9sultat n'a \u00e9t\u00e9 trouv\u00e9.<\/p><\/p>\t\t\t<\/div>\n\t\t<\/div>\n\t\t\t\t\t\t<\/div>\n\t\t\t\t<\/div>\n\t\t<div class=\"elementor-element elementor-element-b7e35a0 e-con-full e-flex e-con e-child\" data-id=\"b7e35a0\" data-element_type=\"container\" data-settings=\"{&quot;background_background&quot;:&quot;classic&quot;}\">\n\t\t\t\t<div class=\"elementor-element elementor-element-53fbd4d elementor-widget elementor-widget-heading\" data-id=\"53fbd4d\" data-element_type=\"widget\" data-widget_type=\"heading.default\">\n\t\t\t\t<div class=\"elementor-widget-container\">\n\t\t\t\t\t<h3 class=\"elementor-heading-title elementor-size-default\">Mercredi<\/h3>\t\t\t\t<\/div>\n\t\t\t\t<\/div>\n\t\t\t\t<\/div>\n\t\t\t\t<div class=\"elementor-element elementor-element-1f9f07f dce-posts-layout-overlay dce-col-1 dce-col-tablet-1 elementor-hidden-mobile_extra elementor-hidden-mobile dce-col-mobile-1 dce-align-left elementor-widget elementor-widget-dce-acf-relationship\" data-id=\"1f9f07f\" data-element_type=\"widget\" data-settings=\"{&quot;style_items&quot;:&quot;overlay&quot;,&quot;grid_grid_type&quot;:&quot;flex&quot;}\" data-widget_type=\"dce-acf-relationship.grid\">\n\t\t\t\t<div class=\"elementor-widget-container\">\n\t\t\t\t\t\t\t<div class=\"dce-posts-container dce-posts\">\n\t\t\t<div class=\"dce-posts-fallback\">\n\t\t\t\t<p>Aucun r\u00e9sultat n'a \u00e9t\u00e9 trouv\u00e9.<\/p>\t\t\t<\/div>\n\t\t<\/div>\n\t\t\t\t\t\t<\/div>\n\t\t\t\t<\/div>\n\t\t\t\t<div class=\"elementor-element elementor-element-347a3ef dce-col-1 dce-col-mobile_extra-1 elementor-hidden-desktop elementor-hidden-laptop elementor-hidden-tablet_extra elementor-hidden-tablet dce-posts-layout-default dce-col-tablet-3 dce-col-mobile-1 dce-align-left elementor-widget elementor-widget-dce-acf-relationship\" data-id=\"347a3ef\" data-element_type=\"widget\" data-settings=\"{&quot;style_items&quot;:&quot;default&quot;,&quot;grid_grid_type&quot;:&quot;flex&quot;}\" data-widget_type=\"dce-acf-relationship.grid\">\n\t\t\t\t<div class=\"elementor-widget-container\">\n\t\t\t\t\t\t\t<div class=\"dce-posts-container dce-posts\">\n\t\t\t<div class=\"dce-posts-fallback\">\n\t\t\t\t<p><p>Aucun r\u00e9sultat n'a \u00e9t\u00e9 trouv\u00e9.<\/p><\/p>\t\t\t<\/div>\n\t\t<\/div>\n\t\t\t\t\t\t<\/div>\n\t\t\t\t<\/div>\n\t\t<div class=\"elementor-element elementor-element-c01ae5d e-con-full e-flex e-con e-child\" data-id=\"c01ae5d\" data-element_type=\"container\" data-settings=\"{&quot;background_background&quot;:&quot;classic&quot;}\">\n\t\t\t\t<div class=\"elementor-element elementor-element-ac8a76b elementor-widget elementor-widget-heading\" data-id=\"ac8a76b\" data-element_type=\"widget\" data-widget_type=\"heading.default\">\n\t\t\t\t<div class=\"elementor-widget-container\">\n\t\t\t\t\t<h3 class=\"elementor-heading-title elementor-size-default\">Jeudi<\/h3>\t\t\t\t<\/div>\n\t\t\t\t<\/div>\n\t\t\t\t<\/div>\n\t\t\t\t<div class=\"elementor-element elementor-element-72e6f43 dce-posts-layout-overlay dce-col-1 dce-col-tablet-1 elementor-hidden-mobile_extra elementor-hidden-mobile dce-col-mobile-1 dce-align-left elementor-widget elementor-widget-dce-acf-relationship\" data-id=\"72e6f43\" data-element_type=\"widget\" data-settings=\"{&quot;style_items&quot;:&quot;overlay&quot;,&quot;grid_grid_type&quot;:&quot;flex&quot;}\" data-widget_type=\"dce-acf-relationship.grid\">\n\t\t\t\t<div class=\"elementor-widget-container\">\n\t\t\t\t\t\t\t<div class=\"dce-posts-container dce-posts\">\n\t\t\t<div class=\"dce-posts-fallback\">\n\t\t\t\t<p>Aucun r\u00e9sultat n'a \u00e9t\u00e9 trouv\u00e9.<\/p>\t\t\t<\/div>\n\t\t<\/div>\n\t\t\t\t\t\t<\/div>\n\t\t\t\t<\/div>\n\t\t\t\t<div class=\"elementor-element elementor-element-e76edc7 dce-col-1 dce-col-mobile_extra-1 elementor-hidden-desktop elementor-hidden-laptop elementor-hidden-tablet_extra elementor-hidden-tablet dce-posts-layout-default dce-col-tablet-3 dce-col-mobile-1 dce-align-left elementor-widget elementor-widget-dce-acf-relationship\" data-id=\"e76edc7\" data-element_type=\"widget\" data-settings=\"{&quot;style_items&quot;:&quot;default&quot;,&quot;grid_grid_type&quot;:&quot;flex&quot;}\" data-widget_type=\"dce-acf-relationship.grid\">\n\t\t\t\t<div class=\"elementor-widget-container\">\n\t\t\t\t\t\t\t<div class=\"dce-posts-container dce-posts\">\n\t\t\t<div class=\"dce-posts-fallback\">\n\t\t\t\t<p><p>Aucun r\u00e9sultat n'a \u00e9t\u00e9 trouv\u00e9.<\/p><\/p>\t\t\t<\/div>\n\t\t<\/div>\n\t\t\t\t\t\t<\/div>\n\t\t\t\t<\/div>\n\t\t<div class=\"elementor-element elementor-element-1d4eb51 e-con-full e-flex e-con e-child\" data-id=\"1d4eb51\" data-element_type=\"container\" data-settings=\"{&quot;background_background&quot;:&quot;classic&quot;}\">\n\t\t\t\t<div class=\"elementor-element elementor-element-30e5799 elementor-widget elementor-widget-heading\" data-id=\"30e5799\" data-element_type=\"widget\" data-widget_type=\"heading.default\">\n\t\t\t\t<div class=\"elementor-widget-container\">\n\t\t\t\t\t<h3 class=\"elementor-heading-title elementor-size-default\">Vendredi<\/h3>\t\t\t\t<\/div>\n\t\t\t\t<\/div>\n\t\t\t\t<\/div>\n\t\t\t\t<div class=\"elementor-element elementor-element-0190d85 dce-posts-layout-overlay dce-col-1 dce-col-tablet-1 elementor-hidden-mobile_extra elementor-hidden-mobile dce-col-mobile-1 dce-align-left elementor-widget elementor-widget-dce-acf-relationship\" data-id=\"0190d85\" data-element_type=\"widget\" data-settings=\"{&quot;style_items&quot;:&quot;overlay&quot;,&quot;grid_grid_type&quot;:&quot;flex&quot;}\" data-widget_type=\"dce-acf-relationship.grid\">\n\t\t\t\t<div class=\"elementor-widget-container\">\n\t\t\t\t\t\t\t<div class=\"dce-posts-container dce-posts\">\n\t\t\t<div class=\"dce-posts-fallback\">\n\t\t\t\t<p>Aucun r\u00e9sultat n'a \u00e9t\u00e9 trouv\u00e9.<\/p>\t\t\t<\/div>\n\t\t<\/div>\n\t\t\t\t\t\t<\/div>\n\t\t\t\t<\/div>\n\t\t\t\t<div class=\"elementor-element elementor-element-15a5504 dce-col-1 dce-col-mobile_extra-1 elementor-hidden-desktop elementor-hidden-laptop elementor-hidden-tablet_extra elementor-hidden-tablet dce-posts-layout-default dce-col-tablet-3 dce-col-mobile-1 dce-align-left elementor-widget elementor-widget-dce-acf-relationship\" data-id=\"15a5504\" data-element_type=\"widget\" data-settings=\"{&quot;style_items&quot;:&quot;default&quot;,&quot;grid_grid_type&quot;:&quot;flex&quot;}\" data-widget_type=\"dce-acf-relationship.grid\">\n\t\t\t\t<div class=\"elementor-widget-container\">\n\t\t\t\t\t\t\t<div class=\"dce-posts-container dce-posts\">\n\t\t\t<div class=\"dce-posts-fallback\">\n\t\t\t\t<p><p>Aucun r\u00e9sultat n'a \u00e9t\u00e9 trouv\u00e9.<\/p><\/p>\t\t\t<\/div>\n\t\t<\/div>\n\t\t\t\t\t\t<\/div>\n\t\t\t\t<\/div>\n\t\t\t\t\t<\/div>\n\t\t\t\t<\/div>\n\t\t\t\t<\/div>","protected":false},"excerpt":{"rendered":"<p>Affichage de la vaisselle Lundi Aucun r\u00e9sultat n'a \u00e9t\u00e9 trouv\u00e9. Aucun r\u00e9sultat trouv\u00e9. Mardi Aucun r\u00e9sultat trouv\u00e9. Aucun r\u00e9sultat trouv\u00e9. Mercredi Aucun r\u00e9sultat trouv\u00e9. Mercredi Aucun r\u00e9sultat trouv\u00e9. Jeudi Aucun r\u00e9sultat trouv\u00e9. Aucun r\u00e9sultat trouv\u00e9. Vendredi Aucun r\u00e9sultat trouv\u00e9. Aucun r\u00e9sultat trouv\u00e9.<\/p>","protected":false},"author":1,"featured_media":0,"parent":0,"menu_order":0,"comment_status":"closed","ping_status":"closed","template":"","meta":{"_acf_changed":false,"footnotes":""},"class_list":["post-10353","page","type-page","status-publish","hentry"],"acf":[],"yoast_head":"<!-- This site is optimized with the Yoast SEO plugin v26.3 - https:\/\/yoast.com\/wordpress\/plugins\/seo\/ -->\n<title>Kerstmenu - Greenway<\/title>\n<meta name=\"robots\" content=\"index, follow, max-snippet:-1, max-image-preview:large, max-video-preview:-1\" \/>\n<link rel=\"canonical\" href=\"https:\/\/greenway.be\/fr\/menu-de-noel\/\" \/>\n<meta property=\"og:locale\" content=\"fr_FR\" \/>\n<meta property=\"og:type\" content=\"article\" \/>\n<meta property=\"og:title\" content=\"Kerstmenu - Greenway\" \/>\n<meta property=\"og:description\" content=\"Gerechten tonen Maandag No results found. No results found. Dinsdag No results found. No results found. Woensdag No results found. No results found. Donderdag No results found. No results found. Vrijdag No results found. No results found.\" \/>\n<meta property=\"og:url\" content=\"https:\/\/greenway.be\/fr\/menu-de-noel\/\" \/>\n<meta property=\"og:site_name\" content=\"Greenway\" \/>\n<meta property=\"article:modified_time\" content=\"2024-12-02T12:47:40+00:00\" \/>\n<meta name=\"twitter:card\" content=\"summary_large_image\" \/>\n<meta name=\"twitter:label1\" content=\"Dur\u00e9e de lecture estim\u00e9e\" \/>\n\t<meta name=\"twitter:data1\" content=\"3 minutes\" \/>\n<script type=\"application\/ld+json\" class=\"yoast-schema-graph\">{\"@context\":\"https:\/\/schema.org\",\"@graph\":[{\"@type\":\"WebPage\",\"@id\":\"https:\/\/greenway.be\/kerstmenu\/\",\"url\":\"https:\/\/greenway.be\/kerstmenu\/\",\"name\":\"Kerstmenu - Greenway\",\"isPartOf\":{\"@id\":\"https:\/\/greenway.be\/#website\"},\"datePublished\":\"2024-12-02T12:46:34+00:00\",\"dateModified\":\"2024-12-02T12:47:40+00:00\",\"breadcrumb\":{\"@id\":\"https:\/\/greenway.be\/kerstmenu\/#breadcrumb\"},\"inLanguage\":\"fr-FR\",\"potentialAction\":[{\"@type\":\"ReadAction\",\"target\":[\"https:\/\/greenway.be\/kerstmenu\/\"]}]},{\"@type\":\"BreadcrumbList\",\"@id\":\"https:\/\/greenway.be\/kerstmenu\/#breadcrumb\",\"itemListElement\":[{\"@type\":\"ListItem\",\"position\":1,\"name\":\"Home\",\"item\":\"https:\/\/greenway.be\/\"},{\"@type\":\"ListItem\",\"position\":2,\"name\":\"Kerstmenu\"}]},{\"@type\":\"WebSite\",\"@id\":\"https:\/\/greenway.be\/#website\",\"url\":\"https:\/\/greenway.be\/\",\"name\":\"Greenway\",\"description\":\"No meat. No nonsense\",\"publisher\":{\"@id\":\"https:\/\/greenway.be\/#organization\"},\"potentialAction\":[{\"@type\":\"SearchAction\",\"target\":{\"@type\":\"EntryPoint\",\"urlTemplate\":\"https:\/\/greenway.be\/?s={search_term_string}\"},\"query-input\":{\"@type\":\"PropertyValueSpecification\",\"valueRequired\":true,\"valueName\":\"search_term_string\"}}],\"inLanguage\":\"fr-FR\"},{\"@type\":\"Organization\",\"@id\":\"https:\/\/greenway.be\/#organization\",\"name\":\"Greenway\",\"url\":\"https:\/\/greenway.be\/\",\"logo\":{\"@type\":\"ImageObject\",\"inLanguage\":\"fr-FR\",\"@id\":\"https:\/\/greenway.be\/#\/schema\/logo\/image\/\",\"url\":\"https:\/\/greenway.be\/wp-content\/uploads\/2024\/12\/greenway-no-meat-no-nonsense-wit-1024x558-1.png\",\"contentUrl\":\"https:\/\/greenway.be\/wp-content\/uploads\/2024\/12\/greenway-no-meat-no-nonsense-wit-1024x558-1.png\",\"width\":1024,\"height\":558,\"caption\":\"Greenway\"},\"image\":{\"@id\":\"https:\/\/greenway.be\/#\/schema\/logo\/image\/\"}}]}<\/script>\n<!-- \/ Yoast SEO plugin. -->","yoast_head_json":{"title":"Menu de No\u00ebl - Greenway","robots":{"index":"index","follow":"follow","max-snippet":"max-snippet:-1","max-image-preview":"max-image-preview:large","max-video-preview":"max-video-preview:-1"},"canonical":"https:\/\/greenway.be\/fr\/menu-de-noel\/","og_locale":"fr_FR","og_type":"article","og_title":"Kerstmenu - Greenway","og_description":"Gerechten tonen Maandag No results found. No results found. Dinsdag No results found. No results found. Woensdag No results found. No results found. Donderdag No results found. No results found. Vrijdag No results found. No results found.","og_url":"https:\/\/greenway.be\/fr\/menu-de-noel\/","og_site_name":"Greenway","article_modified_time":"2024-12-02T12:47:40+00:00","twitter_card":"summary_large_image","twitter_misc":{"Dur\u00e9e de lecture estim\u00e9e":"3 minutes"},"schema":{"@context":"https:\/\/schema.org","@graph":[{"@type":"WebPage","@id":"https:\/\/greenway.be\/kerstmenu\/","url":"https:\/\/greenway.be\/kerstmenu\/","name":"Menu de No\u00ebl - Greenway","isPartOf":{"@id":"https:\/\/greenway.be\/#website"},"datePublished":"2024-12-02T12:46:34+00:00","dateModified":"2024-12-02T12:47:40+00:00","breadcrumb":{"@id":"https:\/\/greenway.be\/kerstmenu\/#breadcrumb"},"inLanguage":"fr-FR","potentialAction":[{"@type":"ReadAction","target":["https:\/\/greenway.be\/kerstmenu\/"]}]},{"@type":"BreadcrumbList","@id":"https:\/\/greenway.be\/kerstmenu\/#breadcrumb","itemListElement":[{"@type":"ListItem","position":1,"name":"Home","item":"https:\/\/greenway.be\/"},{"@type":"ListItem","position":2,"name":"Kerstmenu"}]},{"@type":"WebSite","@id":"https:\/\/greenway.be\/#website","url":"https:\/\/greenway.be\/","name":"Greenway","description":"Pas de viande. Pas de b\u00eatises","publisher":{"@id":"https:\/\/greenway.be\/#organization"},"potentialAction":[{"@type":"SearchAction","target":{"@type":"EntryPoint","urlTemplate":"https:\/\/greenway.be\/?s={search_term_string}"},"query-input":{"@type":"PropertyValueSpecification","valueRequired":true,"valueName":"search_term_string"}}],"inLanguage":"fr-FR"},{"@type":"Organization","@id":"https:\/\/greenway.be\/#organization","name":"Greenway","url":"https:\/\/greenway.be\/","logo":{"@type":"ImageObject","inLanguage":"fr-FR","@id":"https:\/\/greenway.be\/#\/schema\/logo\/image\/","url":"https:\/\/greenway.be\/wp-content\/uploads\/2024\/12\/greenway-no-meat-no-nonsense-wit-1024x558-1.png","contentUrl":"https:\/\/greenway.be\/wp-content\/uploads\/2024\/12\/greenway-no-meat-no-nonsense-wit-1024x558-1.png","width":1024,"height":558,"caption":"Greenway"},"image":{"@id":"https:\/\/greenway.be\/#\/schema\/logo\/image\/"}}]}},"_links":{"self":[{"href":"https:\/\/greenway.be\/fr\/wp-json\/wp\/v2\/pages\/10353","targetHints":{"allow":["GET"]}}],"collection":[{"href":"https:\/\/greenway.be\/fr\/wp-json\/wp\/v2\/pages"}],"about":[{"href":"https:\/\/greenway.be\/fr\/wp-json\/wp\/v2\/types\/page"}],"author":[{"embeddable":true,"href":"https:\/\/greenway.be\/fr\/wp-json\/wp\/v2\/users\/1"}],"replies":[{"embeddable":true,"href":"https:\/\/greenway.be\/fr\/wp-json\/wp\/v2\/comments?post=10353"}],"version-history":[{"count":5,"href":"https:\/\/greenway.be\/fr\/wp-json\/wp\/v2\/pages\/10353\/revisions"}],"predecessor-version":[{"id":10358,"href":"https:\/\/greenway.be\/fr\/wp-json\/wp\/v2\/pages\/10353\/revisions\/10358"}],"wp:attachment":[{"href":"https:\/\/greenway.be\/fr\/wp-json\/wp\/v2\/media?parent=10353"}],"curies":[{"name":"wp","href":"https:\/\/api.w.org\/{rel}","templated":true}]}}